{"id":853,"date":"2023-11-25T08:36:19","date_gmt":"2023-11-25T08:36:19","guid":{"rendered":"https:\/\/guneybaha-gmbh.com\/?page_id=853"},"modified":"2023-11-25T08:52:14","modified_gmt":"2023-11-25T08:52:14","slug":"referenzen","status":"publish","type":"page","link":"https:\/\/guneybaha-gmbh.com\/index.php\/referenzen\/","title":{"rendered":"REFERENZEN"},"content":{"rendered":"\t\t<div data-elementor-type=\"wp-post\" data-elementor-id=\"853\" class=\"elementor elementor-853\">\n\t\t\t\t\t\t\t\t\t<section class=\"elementor-section elementor-top-section elementor-element elementor-element-a5c2046 elementor-section-full_width elementor-section-height-default elementor-section-height-default\" data-id=\"a5c2046\" data-element_type=\"section\" data-settings=\"{&quot;jet_parallax_layout_list&quot;:[{&quot;jet_parallax_layout_image&quot;:{&quot;url&quot;:&quot;&quot;,&quot;id&quot;:&quot;&quot;,&quot;size&quot;:&quot;&quot;},&quot;_id&quot;:&quot;077505a&quot;,&quot;jet_parallax_layout_speed&quot;:{&quot;unit&quot;:&quot;%&quot;,&quot;size&quot;:&quot;66&quot;,&quot;sizes&quot;:[]},&quot;jet_parallax_layout_bg_x&quot;:&quot;&quot;,&quot;jet_parallax_layout_bg_y&quot;:&quot;&quot;,&quot;jet_parallax_layout_bg_size&quot;:&quot;cover&quot;,&quot;jet_parallax_layout_animation_prop&quot;:&quot;bgposition&quot;,&quot;jet_parallax_layout_on&quot;:[],&quot;jet_parallax_layout_image_tablet&quot;:{&quot;url&quot;:&quot;&quot;,&quot;id&quot;:&quot;&quot;,&quot;size&quot;:&quot;&quot;},&quot;jet_parallax_layout_image_mobile&quot;:{&quot;url&quot;:&quot;&quot;,&quot;id&quot;:&quot;&quot;,&quot;size&quot;:&quot;&quot;},&quot;jet_parallax_layout_type&quot;:&quot;scroll&quot;,&quot;jet_parallax_layout_direction&quot;:null,&quot;jet_parallax_layout_fx_direction&quot;:null,&quot;jet_parallax_layout_z_index&quot;:&quot;&quot;,&quot;jet_parallax_layout_bg_x_tablet&quot;:&quot;&quot;,&quot;jet_parallax_layout_bg_x_mobile&quot;:&quot;&quot;,&quot;jet_parallax_layout_bg_y_tablet&quot;:&quot;&quot;,&quot;jet_parallax_layout_bg_y_mobile&quot;:&quot;&quot;,&quot;jet_parallax_layout_bg_size_tablet&quot;:&quot;&quot;,&quot;jet_parallax_layout_bg_size_mobile&quot;:&quot;&quot;}],&quot;background_background&quot;:&quot;classic&quot;}\">\n\t\t\t\t\t\t\t<div class=\"elementor-background-overlay\"><\/div>\n\t\t\t\t\t\t\t<div class=\"elementor-container elementor-column-gap-default\">\n\t\t\t\t\t<div class=\"elementor-column elementor-col-100 elementor-top-column elementor-element elementor-element-84c4bd6\" data-id=\"84c4bd6\" data-element_type=\"column\">\n\t\t\t<div class=\"elementor-widget-wrap elementor-element-populated\">\n\t\t\t\t\t\t\t\t<div class=\"elementor-element elementor-element-b4d303c elementor-align-center elementor-widget elementor-widget-raven-heading\" data-id=\"b4d303c\" data-element_type=\"widget\" data-widget_type=\"raven-heading.default\">\n\t\t\t\t<div class=\"elementor-widget-container\">\n\t\t\t\t\t<div class=\"raven-widget-wrapper\"><h1 class=\"raven-heading raven-heading-h1\"><span class=\"raven-heading-title \">REFERENZEN<\/span><\/h1><\/div>\n\t\t\t\t<\/div>\n\t\t\t\t<\/div>\n\t\t\t\t\t<\/div>\n\t\t<\/div>\n\t\t\t\t\t\t\t<\/div>\n\t\t<\/section>\n\t\t<div class=\"elementor-element elementor-element-b4e4bc9 e-flex e-con-boxed e-con e-parent\" data-id=\"b4e4bc9\" data-element_type=\"container\" data-settings=\"{&quot;jet_parallax_layout_list&quot;:[],&quot;content_width&quot;:&quot;boxed&quot;}\" data-core-v316-plus=\"true\">\n\t\t\t\t\t<div class=\"e-con-inner\">\n\t\t\t\t<div class=\"elementor-element elementor-element-5fdc50a elementor-widget elementor-widget-text-editor\" data-id=\"5fdc50a\" data-element_type=\"widget\" data-widget_type=\"text-editor.default\">\n\t\t\t\t<div class=\"elementor-widget-container\">\n\t\t\t<style>\/*! elementor - v3.16.0 - 17-10-2023 *\/\n.elementor-widget-text-editor.elementor-drop-cap-view-stacked .elementor-drop-cap{background-color:#69727d;color:#fff}.elementor-widget-text-editor.elementor-drop-cap-view-framed .elementor-drop-cap{color:#69727d;border:3px solid;background-color:transparent}.elementor-widget-text-editor:not(.elementor-drop-cap-view-default) .elementor-drop-cap{margin-top:8px}.elementor-widget-text-editor:not(.elementor-drop-cap-view-default) .elementor-drop-cap-letter{width:1em;height:1em}.elementor-widget-text-editor .elementor-drop-cap{float:left;text-align:center;line-height:1;font-size:50px}.elementor-widget-text-editor .elementor-drop-cap-letter{display:inline-block}<\/style>\t\t\t\t<p>Willkommen auf unserer Referenzseite, Ihrem Blick in die Erfolgsgeschichten, die wir gemeinsam mit unseren gesch\u00e4tzten Kunden geschrieben haben. Hier pr\u00e4sentieren wir stolz eine Auswahl unserer abgeschlossenen Projekte und zufriedenen Kunden, die die Qualit\u00e4t und das Engagement unserer Dienstleistungen widerspiegeln.<\/p><p>Unsere Referenzen sind nicht nur eine Ansammlung von Namen, sondern vielmehr eine Chronik erfolgreicher Partnerschaften. Von kleinen Unternehmen bis hin zu gro\u00dfen Organisationen haben wir mit vielf\u00e4ltigen Kunden zusammengearbeitet und dabei stets unsere Expertise, Effizienz und Hingabe unter Beweis gestellt.<\/p><p>Unsere Referenzen sind nicht nur Vergangenheit, sondern auch ein Versprechen f\u00fcr die Zukunft. Wir freuen uns darauf, auch Ihr Vertrauen zu gewinnen und gemeinsam an der Realisierung erfolgreicher Projekte zu arbeiten. Bei Fragen oder weiterem Informationsbedarf stehen wir Ihnen nat\u00fcrlich gerne zur Verf\u00fcgung.<\/p>\t\t\t\t\t\t<\/div>\n\t\t\t\t<\/div>\n\t\t\t\t\t<\/div>\n\t\t\t\t<\/div>\n\t\t<div class=\"elementor-element elementor-element-eb8d5b1 e-flex e-con-boxed e-con e-parent\" data-id=\"eb8d5b1\" data-element_type=\"container\" data-settings=\"{&quot;jet_parallax_layout_list&quot;:[],&quot;content_width&quot;:&quot;boxed&quot;}\" data-core-v316-plus=\"true\">\n\t\t\t\t\t<div class=\"e-con-inner\">\n\t\t<div class=\"elementor-element elementor-element-5a34d0e e-con-full e-flex e-con e-child\" data-id=\"5a34d0e\" data-element_type=\"container\" data-settings=\"{&quot;content_width&quot;:&quot;full&quot;,&quot;jet_parallax_layout_list&quot;:[]}\">\n\t\t\t\t<div class=\"elementor-element elementor-element-ec9e2c4 elementor-widget elementor-widget-image\" data-id=\"ec9e2c4\" data-element_type=\"widget\" data-widget_type=\"image.default\">\n\t\t\t\t<div class=\"elementor-widget-container\">\n\t\t\t<style>\/*! elementor - v3.16.0 - 17-10-2023 *\/\n.elementor-widget-image{text-align:center}.elementor-widget-image a{display:inline-block}.elementor-widget-image a img[src$=\".svg\"]{width:48px}.elementor-widget-image img{vertical-align:middle;display:inline-block}<\/style>\t\t\t\t\t\t\t\t\t\t\t\t<img loading=\"lazy\" decoding=\"async\" width=\"1024\" height=\"1024\" src=\"https:\/\/guneybaha-gmbh.com\/wp-content\/uploads\/2023\/10\/o2logo-1-1024x1024.png\" class=\"attachment-large size-large wp-image-793\" alt=\"\" srcset=\"https:\/\/guneybaha-gmbh.com\/wp-content\/uploads\/2023\/10\/o2logo-1-1024x1024.png 1024w, https:\/\/guneybaha-gmbh.com\/wp-content\/uploads\/2023\/10\/o2logo-1-300x300.png 300w, https:\/\/guneybaha-gmbh.com\/wp-content\/uploads\/2023\/10\/o2logo-1-150x150.png 150w, https:\/\/guneybaha-gmbh.com\/wp-content\/uploads\/2023\/10\/o2logo-1-768x768.png 768w, https:\/\/guneybaha-gmbh.com\/wp-content\/uploads\/2023\/10\/o2logo-1-1536x1536.png 1536w, https:\/\/guneybaha-gmbh.com\/wp-content\/uploads\/2023\/10\/o2logo-1-500x500.png 500w, https:\/\/guneybaha-gmbh.com\/wp-content\/uploads\/2023\/10\/o2logo-1.png 1701w\" sizes=\"auto, (max-width: 1024px) 100vw, 1024px\" \/>\t\t\t\t\t\t\t\t\t\t\t\t\t\t\t<\/div>\n\t\t\t\t<\/div>\n\t\t\t\t<\/div>\n\t\t<div class=\"elementor-element elementor-element-e0b81e3 e-con-full e-flex e-con e-child\" data-id=\"e0b81e3\" data-element_type=\"container\" data-settings=\"{&quot;content_width&quot;:&quot;full&quot;,&quot;jet_parallax_layout_list&quot;:[]}\">\n\t\t\t\t<div class=\"elementor-element elementor-element-637ee2e elementor-widget elementor-widget-image\" data-id=\"637ee2e\" data-element_type=\"widget\" data-widget_type=\"image.default\">\n\t\t\t\t<div class=\"elementor-widget-container\">\n\t\t\t\t\t\t\t\t\t\t\t\t\t\t\t<img loading=\"lazy\" decoding=\"async\" width=\"300\" height=\"162\" src=\"https:\/\/guneybaha-gmbh.com\/wp-content\/uploads\/2023\/10\/vodafone-300x162.png\" class=\"attachment-medium size-medium wp-image-791\" alt=\"\" srcset=\"https:\/\/guneybaha-gmbh.com\/wp-content\/uploads\/2023\/10\/vodafone-300x162.png 300w, https:\/\/guneybaha-gmbh.com\/wp-content\/uploads\/2023\/10\/vodafone-1024x553.png 1024w, https:\/\/guneybaha-gmbh.com\/wp-content\/uploads\/2023\/10\/vodafone-768x415.png 768w, https:\/\/guneybaha-gmbh.com\/wp-content\/uploads\/2023\/10\/vodafone.png 1181w\" sizes=\"auto, (max-width: 300px) 100vw, 300px\" \/>\t\t\t\t\t\t\t\t\t\t\t\t\t\t\t<\/div>\n\t\t\t\t<\/div>\n\t\t\t\t<\/div>\n\t\t<div class=\"elementor-element elementor-element-539a03a e-con-full e-flex e-con e-child\" data-id=\"539a03a\" data-element_type=\"container\" data-settings=\"{&quot;content_width&quot;:&quot;full&quot;,&quot;jet_parallax_layout_list&quot;:[]}\">\n\t\t\t\t<div class=\"elementor-element elementor-element-d0b9da8 elementor-widget elementor-widget-image\" data-id=\"d0b9da8\" data-element_type=\"widget\" data-widget_type=\"image.default\">\n\t\t\t\t<div class=\"elementor-widget-container\">\n\t\t\t\t\t\t\t\t\t\t\t\t\t\t\t<img loading=\"lazy\" decoding=\"async\" width=\"300\" height=\"300\" src=\"https:\/\/guneybaha-gmbh.com\/wp-content\/uploads\/2023\/10\/servicelogo-1-300x300.png\" class=\"attachment-medium size-medium wp-image-790\" alt=\"\" srcset=\"https:\/\/guneybaha-gmbh.com\/wp-content\/uploads\/2023\/10\/servicelogo-1-300x300.png 300w, https:\/\/guneybaha-gmbh.com\/wp-content\/uploads\/2023\/10\/servicelogo-1-150x150.png 150w, https:\/\/guneybaha-gmbh.com\/wp-content\/uploads\/2023\/10\/servicelogo-1-500x500.png 500w, https:\/\/guneybaha-gmbh.com\/wp-content\/uploads\/2023\/10\/servicelogo-1.png 605w\" sizes=\"auto, (max-width: 300px) 100vw, 300px\" \/>\t\t\t\t\t\t\t\t\t\t\t\t\t\t\t<\/div>\n\t\t\t\t<\/div>\n\t\t\t\t<\/div>\n\t\t<div class=\"elementor-element elementor-element-94d31da e-con-full e-flex e-con e-child\" data-id=\"94d31da\" data-element_type=\"container\" data-settings=\"{&quot;content_width&quot;:&quot;full&quot;,&quot;jet_parallax_layout_list&quot;:[]}\">\n\t\t\t\t<div class=\"elementor-element elementor-element-892d619 elementor-widget elementor-widget-image\" data-id=\"892d619\" data-element_type=\"widget\" data-widget_type=\"image.default\">\n\t\t\t\t<div class=\"elementor-widget-container\">\n\t\t\t\t\t\t\t\t\t\t\t\t\t\t\t<img loading=\"lazy\" decoding=\"async\" width=\"300\" height=\"52\" src=\"https:\/\/guneybaha-gmbh.com\/wp-content\/uploads\/2023\/10\/Strabag_logo.svg-300x52.png\" class=\"attachment-medium size-medium wp-image-787\" alt=\"\" srcset=\"https:\/\/guneybaha-gmbh.com\/wp-content\/uploads\/2023\/10\/Strabag_logo.svg-300x52.png 300w, https:\/\/guneybaha-gmbh.com\/wp-content\/uploads\/2023\/10\/Strabag_logo.svg-1024x178.png 1024w, https:\/\/guneybaha-gmbh.com\/wp-content\/uploads\/2023\/10\/Strabag_logo.svg-768x134.png 768w, https:\/\/guneybaha-gmbh.com\/wp-content\/uploads\/2023\/10\/Strabag_logo.svg.png 1280w\" sizes=\"auto, (max-width: 300px) 100vw, 300px\" \/>\t\t\t\t\t\t\t\t\t\t\t\t\t\t\t<\/div>\n\t\t\t\t<\/div>\n\t\t\t\t<\/div>\n\t\t<div class=\"elementor-element elementor-element-d3b1b9f e-con-full e-flex e-con e-child\" data-id=\"d3b1b9f\" data-element_type=\"container\" data-settings=\"{&quot;content_width&quot;:&quot;full&quot;,&quot;jet_parallax_layout_list&quot;:[]}\">\n\t\t\t\t<div class=\"elementor-element elementor-element-76b8135 elementor-widget elementor-widget-image\" data-id=\"76b8135\" data-element_type=\"widget\" data-widget_type=\"image.default\">\n\t\t\t\t<div class=\"elementor-widget-container\">\n\t\t\t\t\t\t\t\t\t\t\t\t\t\t\t<img loading=\"lazy\" decoding=\"async\" width=\"166\" height=\"67\" src=\"https:\/\/guneybaha-gmbh.com\/wp-content\/uploads\/2023\/10\/mcslogo.png\" class=\"attachment-medium size-medium wp-image-786\" alt=\"\" \/>\t\t\t\t\t\t\t\t\t\t\t\t\t\t\t<\/div>\n\t\t\t\t<\/div>\n\t\t\t\t<\/div>\n\t\t<div class=\"elementor-element elementor-element-1c9451f e-con-full e-flex e-con e-child\" data-id=\"1c9451f\" data-element_type=\"container\" data-settings=\"{&quot;content_width&quot;:&quot;full&quot;,&quot;jet_parallax_layout_list&quot;:[]}\">\n\t\t\t\t<div class=\"elementor-element elementor-element-0479e3a elementor-widget elementor-widget-image\" data-id=\"0479e3a\" data-element_type=\"widget\" data-widget_type=\"image.default\">\n\t\t\t\t<div class=\"elementor-widget-container\">\n\t\t\t\t\t\t\t\t\t\t\t\t\t\t\t<img loading=\"lazy\" decoding=\"async\" width=\"122\" height=\"157\" src=\"https:\/\/guneybaha-gmbh.com\/wp-content\/uploads\/2023\/10\/lieblang.png\" class=\"attachment-medium size-medium wp-image-785\" alt=\"\" \/>\t\t\t\t\t\t\t\t\t\t\t\t\t\t\t<\/div>\n\t\t\t\t<\/div>\n\t\t\t\t<\/div>\n\t\t\t\t\t<\/div>\n\t\t\t\t<\/div>\n\t\t\t\t<section class=\"elementor-section elementor-top-section elementor-element elementor-element-c2ddd82 elementor-section-full_width elementor-section-height-default elementor-section-height-default\" data-id=\"c2ddd82\" data-element_type=\"section\" data-settings=\"{&quot;jet_parallax_layout_list&quot;:[{&quot;jet_parallax_layout_image&quot;:{&quot;url&quot;:&quot;&quot;,&quot;id&quot;:&quot;&quot;,&quot;size&quot;:&quot;&quot;},&quot;_id&quot;:&quot;3d5dfb3&quot;,&quot;jet_parallax_layout_speed&quot;:{&quot;unit&quot;:&quot;%&quot;,&quot;size&quot;:&quot;50&quot;,&quot;sizes&quot;:[]},&quot;jet_parallax_layout_bg_x&quot;:&quot;50&quot;,&quot;jet_parallax_layout_bg_y&quot;:&quot;50&quot;,&quot;jet_parallax_layout_image_tablet&quot;:{&quot;url&quot;:&quot;&quot;,&quot;id&quot;:&quot;&quot;,&quot;size&quot;:&quot;&quot;},&quot;jet_parallax_layout_image_mobile&quot;:{&quot;url&quot;:&quot;&quot;,&quot;id&quot;:&quot;&quot;,&quot;size&quot;:&quot;&quot;},&quot;jet_parallax_layout_type&quot;:&quot;scroll&quot;,&quot;jet_parallax_layout_direction&quot;:null,&quot;jet_parallax_layout_fx_direction&quot;:null,&quot;jet_parallax_layout_z_index&quot;:&quot;&quot;,&quot;jet_parallax_layout_bg_x_tablet&quot;:&quot;&quot;,&quot;jet_parallax_layout_bg_x_mobile&quot;:&quot;&quot;,&quot;jet_parallax_layout_bg_y_tablet&quot;:&quot;&quot;,&quot;jet_parallax_layout_bg_y_mobile&quot;:&quot;&quot;,&quot;jet_parallax_layout_bg_size&quot;:&quot;auto&quot;,&quot;jet_parallax_layout_bg_size_tablet&quot;:&quot;&quot;,&quot;jet_parallax_layout_bg_size_mobile&quot;:&quot;&quot;,&quot;jet_parallax_layout_animation_prop&quot;:&quot;transform&quot;,&quot;jet_parallax_layout_on&quot;:[&quot;desktop&quot;,&quot;tablet&quot;]}]}\">\n\t\t\t\t\t\t<div class=\"elementor-container elementor-column-gap-default\">\n\t\t\t\t\t<div class=\"elementor-column elementor-col-100 elementor-top-column elementor-element elementor-element-db0334b\" data-id=\"db0334b\" data-element_type=\"column\">\n\t\t\t<div class=\"elementor-widget-wrap elementor-element-populated\">\n\t\t\t\t\t\t\t\t<div class=\"elementor-element elementor-element-58ff8ee elementor-widget elementor-widget-raven-image\" data-id=\"58ff8ee\" data-element_type=\"widget\" data-widget_type=\"raven-image.default\">\n\t\t\t\t<div class=\"elementor-widget-container\">\n\t\t\t\t\t<div class=\"raven-image\">\n\t\t\n\t\t\n\t\t<img loading=\"lazy\" decoding=\"async\" width=\"1688\" height=\"365\" src=\"https:\/\/guneybaha-gmbh.com\/wp-content\/uploads\/2015\/12\/city.jpg\" class=\"attachment-full size-full wp-image-75\" alt=\"\" srcset=\"https:\/\/guneybaha-gmbh.com\/wp-content\/uploads\/2015\/12\/city.jpg 1688w, https:\/\/guneybaha-gmbh.com\/wp-content\/uploads\/2015\/12\/city-300x65.jpg 300w, https:\/\/guneybaha-gmbh.com\/wp-content\/uploads\/2015\/12\/city-1024x221.jpg 1024w, https:\/\/guneybaha-gmbh.com\/wp-content\/uploads\/2015\/12\/city-768x166.jpg 768w, https:\/\/guneybaha-gmbh.com\/wp-content\/uploads\/2015\/12\/city-1536x332.jpg 1536w\" sizes=\"auto, (max-width: 1688px) 100vw, 1688px\" \/>\t\t<\/div>\n\t\t\t\t<\/div>\n\t\t\t\t<\/div>\n\t\t\t\t\t<\/div>\n\t\t<\/div>\n\t\t\t\t\t\t\t<\/div>\n\t\t<\/section>\n\t\t\t\t\t\t\t<\/div>\n\t\t","protected":false},"excerpt":{"rendered":"<p>REFERENZEN Willkommen auf unserer Referenzseite, Ihrem Blick in die Erfolgsgeschichten, die wir gemeinsam mit unseren gesch\u00e4tzten Kunden geschrieben haben. Hier pr\u00e4sentieren wir stolz eine Auswahl unserer abgeschlossenen Projekte und zufriedenen Kunden, die die Qualit\u00e4t und das Engagement unserer Dienstleistungen widerspiegeln. Unsere Referenzen sind nicht nur eine Ansammlung von Namen, sondern vielmehr eine Chronik erfolgreicher Partnerschaften. [&hellip;]<\/p>\n","protected":false},"author":1,"featured_media":0,"parent":0,"menu_order":0,"comment_status":"closed","ping_status":"closed","template":"elementor_header_footer","meta":{"footnotes":""},"class_list":["post-853","page","type-page","status-publish","hentry"],"acf":[],"_links":{"self":[{"href":"https:\/\/guneybaha-gmbh.com\/index.php\/wp-json\/wp\/v2\/pages\/853","targetHints":{"allow":["GET"]}}],"collection":[{"href":"https:\/\/guneybaha-gmbh.com\/index.php\/wp-json\/wp\/v2\/pages"}],"about":[{"href":"https:\/\/guneybaha-gmbh.com\/index.php\/wp-json\/wp\/v2\/types\/page"}],"author":[{"embeddable":true,"href":"https:\/\/guneybaha-gmbh.com\/index.php\/wp-json\/wp\/v2\/users\/1"}],"replies":[{"embeddable":true,"href":"https:\/\/guneybaha-gmbh.com\/index.php\/wp-json\/wp\/v2\/comments?post=853"}],"version-history":[{"count":13,"href":"https:\/\/guneybaha-gmbh.com\/index.php\/wp-json\/wp\/v2\/pages\/853\/revisions"}],"predecessor-version":[{"id":869,"href":"https:\/\/guneybaha-gmbh.com\/index.php\/wp-json\/wp\/v2\/pages\/853\/revisions\/869"}],"wp:attachment":[{"href":"https:\/\/guneybaha-gmbh.com\/index.php\/wp-json\/wp\/v2\/media?parent=853"}],"curies":[{"name":"wp","href":"https:\/\/api.w.org\/{rel}","templated":true}]}}